{"id":136,"date":"2021-08-13T20:14:10","date_gmt":"2021-08-13T18:14:10","guid":{"rendered":"https:\/\/dp.jepht3.com\/?page_id=136"},"modified":"2021-08-15T21:18:08","modified_gmt":"2021-08-15T19:18:08","slug":"investir-au-cameroun","status":"publish","type":"page","link":"https:\/\/www.kfbusinessclub.be\/fr\/investir-au-cameroun\/","title":{"rendered":"Investir au Cameroun"},"content":{"rendered":"<div data-elementor-type=\"wp-page\" data-elementor-id=\"136\" class=\"elementor elementor-136\" data-elementor-post-type=\"page\">\n\t\t\t\t\t\t<section class=\"elementor-section elementor-top-section elementor-element elementor-element-2f3e3d4 elementor-section-full_width elementor-section-height-default elementor-section-height-default\" data-id=\"2f3e3d4\" data-element_type=\"section\" data-settings=\"{&quot;background_background&quot;:&quot;classic&quot;}\">\n\t\t\t\t\t\t<div class=\"elementor-container elementor-column-gap-default\">\n\t\t\t\t\t<div class=\"elementor-column elementor-col-100 elementor-top-column elementor-element elementor-element-7f3f3f7\" data-id=\"7f3f3f7\" data-element_type=\"column\">\n\t\t\t<div class=\"elementor-widget-wrap elementor-element-populated\">\n\t\t\t\t\t\t<div class=\"elementor-element elementor-element-ae2afaf elementor-icon-list--layout-inline elementor-mobile-align-center elementor-list-item-link-full_width elementor-widget elementor-widget-icon-list\" data-id=\"ae2afaf\" data-element_type=\"widget\" data-widget_type=\"icon-list.default\">\n\t\t\t\t<div class=\"elementor-widget-container\">\n\t\t\t\t\t\t\t<ul class=\"elementor-icon-list-items elementor-inline-items\">\n\t\t\t\t\t\t\t<li class=\"elementor-icon-list-item elementor-inline-item\">\n\t\t\t\t\t\t\t\t\t\t\t<span class=\"elementor-icon-list-icon\">\n\t\t\t\t\t\t\t<i aria-hidden=\"true\" class=\"fas fa-phone-square-alt\"><\/i>\t\t\t\t\t\t<\/span>\n\t\t\t\t\t\t\t\t\t\t<span class=\"elementor-icon-list-text\">+32 472 05 60 22<\/span>\n\t\t\t\t\t\t\t\t\t<\/li>\n\t\t\t\t\t\t\t\t<li class=\"elementor-icon-list-item elementor-inline-item\">\n\t\t\t\t\t\t\t\t\t\t\t<a href=\"mailto:kf@kfbusinessclub.be\">\n\n\t\t\t\t\t\t\t\t\t\t\t\t<span class=\"elementor-icon-list-icon\">\n\t\t\t\t\t\t\t<i aria-hidden=\"true\" class=\"fas fa-envelope\"><\/i>\t\t\t\t\t\t<\/span>\n\t\t\t\t\t\t\t\t\t\t<span class=\"elementor-icon-list-text\">kf@kfbusinessclub.be<\/span>\n\t\t\t\t\t\t\t\t\t\t\t<\/a>\n\t\t\t\t\t\t\t\t\t<\/li>\n\t\t\t\t\t\t<\/ul>\n\t\t\t\t\t\t<\/div>\n\t\t\t\t<\/div>\n\t\t\t\t\t<\/div>\n\t\t<\/div>\n\t\t\t\t\t<\/div>\n\t\t<\/section>\n\t\t\t\t<section class=\"elementor-section elementor-top-section elementor-element elementor-element-5db9b896 elementor-section-boxed elementor-section-height-default elementor-section-height-default\" data-id=\"5db9b896\" data-element_type=\"section\" data-settings=\"{&quot;background_background&quot;:&quot;classic&quot;}\">\n\t\t\t\t\t\t<div class=\"elementor-container elementor-column-gap-default\">\n\t\t\t\t\t<div class=\"elementor-column elementor-col-50 elementor-top-column elementor-element elementor-element-6da508d4\" data-id=\"6da508d4\" data-element_type=\"column\" data-settings=\"{&quot;background_background&quot;:&quot;classic&quot;}\">\n\t\t\t<div class=\"elementor-widget-wrap elementor-element-populated\">\n\t\t\t\t\t\t<div class=\"elementor-element elementor-element-4e0b31b2 elementor-widget elementor-widget-image\" data-id=\"4e0b31b2\" data-element_type=\"widget\" data-widget_type=\"image.default\">\n\t\t\t\t<div class=\"elementor-widget-container\">\n\t\t\t\t\t\t\t\t\t\t\t\t\t\t\t\t<a href=\"https:\/\/www.kfbusinessclub.be\/fr\/accueil\/\">\n\t\t\t\t\t\t\t<img decoding=\"async\" width=\"196\" height=\"202\" src=\"https:\/\/www.kfbusinessclub.be\/wp-content\/uploads\/2021\/08\/kfb.png\" class=\"attachment-large size-large wp-image-72\" alt=\"\" \/>\t\t\t\t\t\t\t\t<\/a>\n\t\t\t\t\t\t\t\t\t\t\t\t\t\t\t<\/div>\n\t\t\t\t<\/div>\n\t\t\t\t\t<\/div>\n\t\t<\/div>\n\t\t\t\t<div class=\"elementor-column elementor-col-50 elementor-top-column elementor-element elementor-element-4c207702\" data-id=\"4c207702\" data-element_type=\"column\" data-settings=\"{&quot;background_background&quot;:&quot;classic&quot;}\">\n\t\t\t<div class=\"elementor-widget-wrap elementor-element-populated\">\n\t\t\t\t\t\t\t<\/div>\n\t\t<\/div>\n\t\t\t\t\t<\/div>\n\t\t<\/section>\n\t\t\t\t<section class=\"elementor-section elementor-top-section elementor-element elementor-element-7cdeb31c elementor-section-full_width elementor-section-height-default elementor-section-height-default\" data-id=\"7cdeb31c\" data-element_type=\"section\">\n\t\t\t\t\t\t<div class=\"elementor-container elementor-column-gap-default\">\n\t\t\t\t\t<div class=\"elementor-column elementor-col-100 elementor-top-column elementor-element elementor-element-1988b7f5\" data-id=\"1988b7f5\" data-element_type=\"column\">\n\t\t\t<div class=\"elementor-widget-wrap elementor-element-populated\">\n\t\t\t\t\t\t<div class=\"elementor-element elementor-element-145fe157 elementor--h-position-center elementor--v-position-middle elementor-arrows-position-inside elementor-pagination-position-inside elementor-widget elementor-widget-slides\" data-id=\"145fe157\" data-element_type=\"widget\" data-settings=\"{&quot;transition&quot;:&quot;fade&quot;,&quot;navigation&quot;:&quot;both&quot;,&quot;autoplay&quot;:&quot;yes&quot;,&quot;pause_on_hover&quot;:&quot;yes&quot;,&quot;autoplay_speed&quot;:5000,&quot;infinite&quot;:&quot;yes&quot;,&quot;transition_speed&quot;:500}\" data-widget_type=\"slides.default\">\n\t\t\t\t<div class=\"elementor-widget-container\">\n\t\t\t\t\t\t\t\t\t<div class=\"elementor-swiper\">\n\t\t\t\t\t<div class=\"elementor-slides-wrapper elementor-main-swiper swiper\" role=\"region\" aria-roledescription=\"carousel\" aria-label=\"Diapositives\" dir=\"ltr\" data-animation=\"fadeInUp\" data-no-translation-aria-label=\"\">\n\t\t\t\t<div class=\"swiper-wrapper elementor-slides\">\n\t\t\t\t\t\t\t\t\t\t<div class=\"elementor-repeater-item-5599906 swiper-slide\" role=\"group\" aria-roledescription=\"slide\"><div class=\"swiper-slide-bg elementor-ken-burns elementor-ken-burns--in\" role=\"img\"><\/div><div class=\"elementor-background-overlay\"><\/div><div class=\"swiper-slide-inner\" ><div class=\"swiper-slide-contents\"><div class=\"elementor-slide-heading\">\"KF BUSINESS CLUB, votre partenaire de choix en mati\u00e8re d\u2019investissements\"<\/div><\/div><\/div><\/div><div class=\"elementor-repeater-item-067239f swiper-slide\" role=\"group\" aria-roledescription=\"slide\"><div class=\"swiper-slide-bg elementor-ken-burns elementor-ken-burns--in\" role=\"img\"><\/div><div class=\"elementor-background-overlay\"><\/div><div class=\"swiper-slide-inner\" ><div class=\"swiper-slide-contents\"><div class=\"elementor-slide-heading\">\"M\u00e9nagez-vous, r\u00e9servez notre expertise.\"<\/div><\/div><\/div><\/div><div class=\"elementor-repeater-item-df77842 swiper-slide\" role=\"group\" aria-roledescription=\"slide\"><div class=\"swiper-slide-bg elementor-ken-burns elementor-ken-burns--in\" role=\"img\"><\/div><div class=\"elementor-background-overlay\"><\/div><div class=\"swiper-slide-inner\" ><div class=\"swiper-slide-contents\"><div class=\"elementor-slide-heading\">\"Apport des grands investisseurs, pour d\u00e9velopper les Etats et les villes.\"<\/div><\/div><\/div><\/div><div class=\"elementor-repeater-item-9fa82f4 swiper-slide\" role=\"group\" aria-roledescription=\"slide\"><div class=\"swiper-slide-bg elementor-ken-burns elementor-ken-burns--in\" role=\"img\"><\/div><div class=\"elementor-background-overlay\"><\/div><div class=\"swiper-slide-inner\" ><div class=\"swiper-slide-contents\"><div class=\"elementor-slide-heading\">\"Concilier croissance, enjeux sociaux et \u00e9cologie.\"<\/div><\/div><\/div><\/div>\t\t\t\t<\/div>\n\t\t\t\t\t\t\t\t\t\t\t\t\t\t\t<div class=\"elementor-swiper-button elementor-swiper-button-prev\" role=\"button\" tabindex=\"0\" aria-label=\"Diapositive pr\u00e9c\u00e9dente\" data-no-translation-aria-label=\"\">\n\t\t\t\t\t\t\t<i aria-hidden=\"true\" class=\"eicon-chevron-left\"><\/i>\t\t\t\t\t\t<\/div>\n\t\t\t\t\t\t<div class=\"elementor-swiper-button elementor-swiper-button-next\" role=\"button\" tabindex=\"0\" aria-label=\"Diapositive suivante\" data-no-translation-aria-label=\"\">\n\t\t\t\t\t\t\t<i aria-hidden=\"true\" class=\"eicon-chevron-right\"><\/i>\t\t\t\t\t\t<\/div>\n\t\t\t\t\t\t\t\t\t\t\t\t\t\t\t\t<div class=\"swiper-pagination\"><\/div>\n\t\t\t\t\t\t\t\t\t\t\t\t<\/div>\n\t\t\t\t<\/div>\n\t\t\t\t\t\t\t\t<\/div>\n\t\t\t\t<\/div>\n\t\t\t\t\t<\/div>\n\t\t<\/div>\n\t\t\t\t\t<\/div>\n\t\t<\/section>\n\t\t\t\t<section class=\"elementor-section elementor-top-section elementor-element elementor-element-57d1f25f elementor-section-boxed elementor-section-height-default elementor-section-height-default\" data-id=\"57d1f25f\" data-element_type=\"section\" data-settings=\"{&quot;background_background&quot;:&quot;classic&quot;}\">\n\t\t\t\t\t\t<div class=\"elementor-container elementor-column-gap-default\">\n\t\t\t\t\t<div class=\"elementor-column elementor-col-100 elementor-top-column elementor-element elementor-element-57b31326 elementor-invisible\" data-id=\"57b31326\" data-element_type=\"column\" data-settings=\"{&quot;animation&quot;:&quot;fadeInDown&quot;,&quot;animation_delay&quot;:200}\">\n\t\t\t<div class=\"elementor-widget-wrap elementor-element-populated\">\n\t\t\t\t\t\t<div class=\"elementor-element elementor-element-78d48a40 elementor-widget elementor-widget-heading\" data-id=\"78d48a40\" data-element_type=\"widget\" data-widget_type=\"heading.default\">\n\t\t\t\t<div class=\"elementor-widget-container\">\n\t\t\t\t\t<h2 class=\"elementor-heading-title elementor-size-default\">Investir au Cameroun <\/h2>\t\t\t\t<\/div>\n\t\t\t\t<\/div>\n\t\t\t\t<div class=\"elementor-element elementor-element-19c9e713 elementor-widget-divider--view-line elementor-widget elementor-widget-divider\" data-id=\"19c9e713\" data-element_type=\"widget\" data-widget_type=\"divider.default\">\n\t\t\t\t<div class=\"elementor-widget-container\">\n\t\t\t\t\t\t\t<div class=\"elementor-divider\">\n\t\t\t<span class=\"elementor-divider-separator\">\n\t\t\t\t\t\t<\/span>\n\t\t<\/div>\n\t\t\t\t\t\t<\/div>\n\t\t\t\t<\/div>\n\t\t\t\t\t<\/div>\n\t\t<\/div>\n\t\t\t\t\t<\/div>\n\t\t<\/section>\n\t\t\t\t<section class=\"elementor-section elementor-top-section elementor-element elementor-element-70eb3734 elementor-section-boxed elementor-section-height-default elementor-section-height-default\" data-id=\"70eb3734\" data-element_type=\"section\" data-settings=\"{&quot;background_background&quot;:&quot;classic&quot;}\">\n\t\t\t\t\t\t<div class=\"elementor-container elementor-column-gap-default\">\n\t\t\t\t\t<div class=\"elementor-column elementor-col-50 elementor-top-column elementor-element elementor-element-39468505 elementor-invisible\" data-id=\"39468505\" data-element_type=\"column\" data-settings=\"{&quot;animation&quot;:&quot;fadeInRight&quot;,&quot;animation_delay&quot;:200}\">\n\t\t\t<div class=\"elementor-widget-wrap elementor-element-populated\">\n\t\t\t\t\t\t<div class=\"elementor-element elementor-element-b641a8e elementor-widget elementor-widget-heading\" data-id=\"b641a8e\" data-element_type=\"widget\" data-widget_type=\"heading.default\">\n\t\t\t\t<div class=\"elementor-widget-container\">\n\t\t\t\t\t<h2 class=\"elementor-heading-title elementor-size-default\">Dans sa volont\u00e9 de b\u00e2tir une \u00e9conomie comp\u00e9titive et prosp\u00e8re par le d\u00e9veloppement des investissements et de l'\u00e9pargne, et en ex\u00e9cution des objectifs de son action \u00e9conomique et sociale, la R\u00e9publique du Cameroun se fixe les orientations ci-apr\u00e8s :\nNous mettons un accent sur les investissements et d\u00e9veloppements durables, tout en tenant compte de l\u2019\u00e9cologie.\nNous offrons un accompagnement strat\u00e9gique ayant pour finalit\u00e9 d\u2019aider les structures et les pays en d\u00e9veloppement et \u00e9mergents \u00e0 s\u2019adapter \u00e0 un environnement local et international mouvant, de plus en plus concurrentiel.<\/h2>\t\t\t\t<\/div>\n\t\t\t\t<\/div>\n\t\t\t\t<div class=\"elementor-element elementor-element-6524a433 elementor-widget elementor-widget-heading\" data-id=\"6524a433\" data-element_type=\"widget\" data-widget_type=\"heading.default\">\n\t\t\t\t<div class=\"elementor-widget-container\">\n\t\t\t\t\t<h2 class=\"elementor-heading-title elementor-size-default\">La r\u00e9affirmation du choix de l'\u00e9conomie de march\u00e9 comme mode d'organisation \u00e9conomique privil\u00e9gi\u00e9e ;\nLa r\u00e9affirmation du r\u00f4le essentiel de l\u2019\u00c9tat pour la promotion du d\u00e9veloppement \u00e9conomique et social.\nLa reconnaissance du r\u00f4le cl\u00e9 de l'entrepreneur, de l'investisseur et de l'entreprise priv\u00e9e comme facteurs cruciaux de cr\u00e9ation de richesses et d'emplois devant faire l'objet d'une attention particuli\u00e8re de la part, non seulement de l'ensemble de l'appareil \u00e9tatique, mais aussi, de toute la soci\u00e9t\u00e9 ;<\/h2>\t\t\t\t<\/div>\n\t\t\t\t<\/div>\n\t\t\t\t\t<\/div>\n\t\t<\/div>\n\t\t\t\t<div class=\"elementor-column elementor-col-50 elementor-top-column elementor-element elementor-element-775f040 elementor-invisible\" data-id=\"775f040\" data-element_type=\"column\" data-settings=\"{&quot;animation&quot;:&quot;fadeInLeft&quot;,&quot;animation_delay&quot;:200}\">\n\t\t\t<div class=\"elementor-widget-wrap elementor-element-populated\">\n\t\t\t\t\t\t<div class=\"elementor-element elementor-element-4d539836 elementor-widget elementor-widget-image\" data-id=\"4d539836\" data-element_type=\"widget\" data-widget_type=\"image.default\">\n\t\t\t\t<div class=\"elementor-widget-container\">\n\t\t\t\t\t\t\t\t\t\t\t\t\t\t\t<img fetchpriority=\"high\" decoding=\"async\" width=\"860\" height=\"538\" src=\"https:\/\/www.kfbusinessclub.be\/wp-content\/uploads\/2021\/08\/6-2_ABN-AMRO-MP_Valencia_Day1_199_sRGB_860x538px_tcm33-85349_tcm33-85349.jpg\" class=\"attachment-large size-large wp-image-293\" alt=\"\" srcset=\"https:\/\/www.kfbusinessclub.be\/wp-content\/uploads\/2021\/08\/6-2_ABN-AMRO-MP_Valencia_Day1_199_sRGB_860x538px_tcm33-85349_tcm33-85349.jpg 860w, https:\/\/www.kfbusinessclub.be\/wp-content\/uploads\/2021\/08\/6-2_ABN-AMRO-MP_Valencia_Day1_199_sRGB_860x538px_tcm33-85349_tcm33-85349-300x188.jpg 300w, https:\/\/www.kfbusinessclub.be\/wp-content\/uploads\/2021\/08\/6-2_ABN-AMRO-MP_Valencia_Day1_199_sRGB_860x538px_tcm33-85349_tcm33-85349-768x480.jpg 768w\" sizes=\"(max-width: 860px) 100vw, 860px\" \/>\t\t\t\t\t\t\t\t\t\t\t\t\t\t\t<\/div>\n\t\t\t\t<\/div>\n\t\t\t\t\t<\/div>\n\t\t<\/div>\n\t\t\t\t\t<\/div>\n\t\t<\/section>\n\t\t\t\t<section class=\"elementor-section elementor-top-section elementor-element elementor-element-45ee685 elementor-section-boxed elementor-section-height-default elementor-section-height-default\" data-id=\"45ee685\" data-element_type=\"section\" data-settings=\"{&quot;background_background&quot;:&quot;classic&quot;}\">\n\t\t\t\t\t\t<div class=\"elementor-container elementor-column-gap-default\">\n\t\t\t\t\t<div class=\"elementor-column elementor-col-100 elementor-top-column elementor-element elementor-element-f857692 elementor-invisible\" data-id=\"f857692\" data-element_type=\"column\" data-settings=\"{&quot;animation&quot;:&quot;fadeInRight&quot;,&quot;animation_delay&quot;:200}\">\n\t\t\t<div class=\"elementor-widget-wrap elementor-element-populated\">\n\t\t\t\t\t\t<div class=\"elementor-element elementor-element-93c31d3 elementor-widget elementor-widget-heading\" data-id=\"93c31d3\" data-element_type=\"widget\" data-widget_type=\"heading.default\">\n\t\t\t\t<div class=\"elementor-widget-container\">\n\t\t\t\t\t<h2 class=\"elementor-heading-title elementor-size-default\">L'engagement \u00e0 pr\u00e9server la libert\u00e9 d'entreprise et la libert\u00e9 d\u2019investissement ;\nL'engagement \u00e0 maintenir un cadre macro\u00e9conomique sain ;\nL'engagement \u00e0 assurer la flexibilit\u00e9 et la r\u00e9versibilit\u00e9 des processus d\u00e9cisionnels dans le sens du renforcement de la comp\u00e9titivit\u00e9 de l\u2019\u00e9conomie ;\nLa clarification du r\u00f4le de l'Etat et des institutions en mati\u00e8re \u00e9conomique et sociale, comme acteur collectif recherchant le plein emploi des ressources nationales par des actions appropri\u00e9es et tenant compte des forces et faiblesses du march\u00e9, du secteur priv\u00e9 et de la soci\u00e9t\u00e9 civile, dans le souci de l'\u00e9tat de droit et la bonne gouvernance ;\nLe recentrage et le renforcement du r\u00f4le de l'universit\u00e9 et du syst\u00e8me national de recherche scientifique et technique comme facteur critique de transformation et de ma\u00eetrise des structures \u00e9conomique et sociales;<\/h2>\t\t\t\t<\/div>\n\t\t\t\t<\/div>\n\t\t\t\t<div class=\"elementor-element elementor-element-3419a9b elementor-widget elementor-widget-heading\" data-id=\"3419a9b\" data-element_type=\"widget\" data-widget_type=\"heading.default\">\n\t\t\t\t<div class=\"elementor-widget-container\">\n\t\t\t\t\t<h2 class=\"elementor-heading-title elementor-size-default\">La promotion de l'entrepreneurship comme moteur de valorisation du potentiel de cr\u00e9ativit\u00e9 du Cameroun, condition pr\u00e9alable pour la cr\u00e9ation des entreprises viables et comp\u00e9titives et facteur d\u00e9terminant pour r\u00e9soudre durablement le probl\u00e8me du ch\u00f4mage et de la pauvret\u00e9 ;\nLa sauvegarde de l'environnement \u00e9cologique et l'exploitation rationnelle des ressources naturelles du sol et du sous-sol en vue d'un d\u00e9veloppement sain et durable ;\nLa promotion et la facilitation active des investissements et des exportations en coh\u00e9rence avec la valorisation du potentiel entrepreneurial ;\nLa prise en compte des secteurs sp\u00e9cifiques ou particuliers qui n\u00e9cessitent des mesures propres en tenant compte des contraintes li\u00e9es notamment aux conditions d'exploitation et \u00e0 la mise en valeur des ressources naturelles locales ;\nLa pr\u00e9occupation \u00e0 \u00e9tablir un cadre institutionnel et r\u00e9glementaire appropri\u00e9, garantissant la s\u00e9curit\u00e9 des investissements, l'appui aux investisseurs et le r\u00e8glement \u00e9quitable et rapide des diff\u00e9rends sur les investissements et les activit\u00e9s commerciales et industrielles ;\nLa n\u00e9cessit\u00e9 de disposer d'un syst\u00e8me financier ad\u00e9quat permettant une interm\u00e9diation financi\u00e8re efficace et en particulier, assurant une bonne mobilisation de l'\u00e9pargne et son orientation vers les activit\u00e9s les plus productives et vers les investissements \u00e0 haut rendement ;\nL'int\u00e9r\u00eat de disposer d'un syst\u00e8me d'information fiable et efficace utilisant les nouvelles technologies de l'information et de la communication ;\nL'engagement \u00e0 rendre effectives toutes mesures n\u00e9cessaires pr\u00e9conis\u00e9es par les organes de coordination el de supervision cr\u00e9\u00e9s par la pr\u00e9sente loi portant Charte des investissements en R\u00e9publique du Cameroun ;\nL'engagement \u00e0 promouvoir un r\u00e9el partenariat entre l'Etat, le secteur priv\u00e9 et la soci\u00e9t\u00e9 civile comme condition de recherche d'une meilleure efficacit\u00e9 globale de l\u2019\u00e9conomie ;\nLa mise en place d'une fiscalit\u00e9 incitative et attractive pour les investisseurs et qui prendrait en compte, d'une part, la sp\u00e9cificit\u00e9 et l'imposition des \u00e9quipements de production et, d'autre part, les exigences de la comp\u00e9titivit\u00e9 \u00e0 l'exportation.<\/h2>\t\t\t\t<\/div>\n\t\t\t\t<\/div>\n\t\t\t\t\t<\/div>\n\t\t<\/div>\n\t\t\t\t\t<\/div>\n\t\t<\/section>\n\t\t\t\t<section class=\"elementor-section elementor-top-section elementor-element elementor-element-18eb034f elementor-section-full_width elementor-section-height-default elementor-section-height-default\" data-id=\"18eb034f\" data-element_type=\"section\">\n\t\t\t\t\t\t<div class=\"elementor-container elementor-column-gap-default\">\n\t\t\t\t\t<div class=\"elementor-column elementor-col-100 elementor-top-column elementor-element elementor-element-46ffbbcb\" data-id=\"46ffbbcb\" data-element_type=\"column\" data-settings=\"{&quot;background_background&quot;:&quot;classic&quot;}\">\n\t\t\t<div class=\"elementor-widget-wrap elementor-element-populated\">\n\t\t\t\t\t<div class=\"elementor-background-overlay\"><\/div>\n\t\t\t\t\t\t<div class=\"elementor-element elementor-element-1b621df4 elementor-widget elementor-widget-heading\" data-id=\"1b621df4\" data-element_type=\"widget\" data-widget_type=\"heading.default\">\n\t\t\t\t<div class=\"elementor-widget-container\">\n\t\t\t\t\t<h2 class=\"elementor-heading-title elementor-size-default\">Add Your Heading Text Here<\/h2>\t\t\t\t<\/div>\n\t\t\t\t<\/div>\n\t\t\t\t\t<\/div>\n\t\t<\/div>\n\t\t\t\t\t<\/div>\n\t\t<\/section>\n\t\t\t\t<section class=\"elementor-section elementor-top-section elementor-element elementor-element-53d82b15 elementor-section-boxed elementor-section-height-default elementor-section-height-default\" data-id=\"53d82b15\" data-element_type=\"section\" data-settings=\"{&quot;background_background&quot;:&quot;classic&quot;}\">\n\t\t\t\t\t\t<div class=\"elementor-container elementor-column-gap-default\">\n\t\t\t\t\t<div class=\"elementor-column elementor-col-100 elementor-top-column elementor-element elementor-element-5f42a4eb\" data-id=\"5f42a4eb\" data-element_type=\"column\">\n\t\t\t<div class=\"elementor-widget-wrap elementor-element-populated\">\n\t\t\t\t\t\t<div class=\"elementor-element elementor-element-3584e165 elementor-widget elementor-widget-heading\" data-id=\"3584e165\" data-element_type=\"widget\" data-widget_type=\"heading.default\">\n\t\t\t\t<div class=\"elementor-widget-container\">\n\t\t\t\t\t<h2 class=\"elementor-heading-title elementor-size-default\">\n\n\u00a9 2021 KF BUSINESS CLUB. All Rights Reserved | Terms\n<\/h2>\t\t\t\t<\/div>\n\t\t\t\t<\/div>\n\t\t\t\t\t<\/div>\n\t\t<\/div>\n\t\t\t\t\t<\/div>\n\t\t<\/section>\n\t\t\t\t<\/div>","protected":false},"excerpt":{"rendered":"<p>+32 472 05 60 22 kf@kfbusinessclub.be &#8220;KF BUSINESS CLUB, votre partenaire de choix en mati\u00e8re d\u2019investissements&#8221;&#8221;M\u00e9nagez-vous, r\u00e9servez notre expertise.&#8221;&#8221;Apport des grands investisseurs, pour d\u00e9velopper les Etats et les villes.&#8221;&#8221;Concilier croissance, enjeux sociaux et \u00e9cologie.&#8221; Previous Next Investir au Cameroun Dans sa volont\u00e9 de b\u00e2tir une \u00e9conomie comp\u00e9titive et prosp\u00e8re par le d\u00e9veloppement des investissements et &hellip;<\/p>\n<p class=\"read-more\"> <a class=\"\" href=\"https:\/\/www.kfbusinessclub.be\/fr\/investir-au-cameroun\/\"> <span class=\"screen-reader-text\">Investir au Cameroun<\/span> Lire la suite\u00a0\u00bb<\/a><\/p>","protected":false},"author":5,"featured_media":0,"parent":0,"menu_order":0,"comment_status":"closed","ping_status":"closed","template":"elementor_canvas","meta":{"site-sidebar-layout":"no-sidebar","site-content-layout":"page-builder","ast-site-content-layout":"","site-content-style":"default","site-sidebar-style":"default","ast-global-header-display":"","ast-banner-title-visibility":"","ast-main-header-display":"","ast-hfb-above-header-display":"","ast-hfb-below-header-display":"","ast-hfb-mobile-header-display":"","site-post-title":"disabled","ast-breadcrumbs-content":"","ast-featured-img":"disabled","footer-sml-layout":"","theme-transparent-header-meta":"default","adv-header-id-meta":"","stick-header-meta":"","header-above-stick-meta":"","header-main-stick-meta":"","header-below-stick-meta":"","astra-migrate-meta-layouts":"default","ast-page-background-enabled":"default","ast-page-background-meta":{"desktop":{"background-color":"var(--ast-global-color-4)","background-image":"","background-repeat":"repeat","background-position":"center center","background-size":"auto","background-attachment":"scroll","background-type":"","background-media":"","overlay-type":"","overlay-color":"","overlay-gradient":""},"tablet":{"background-color":"","background-image":"","background-repeat":"repeat","background-position":"center center","background-size":"auto","background-attachment":"scroll","background-type":"","background-media":"","overlay-type":"","overlay-color":"","overlay-gradient":""},"mobile":{"background-color":"","background-image":"","background-repeat":"repeat","background-position":"center center","background-size":"auto","background-attachment":"scroll","background-type":"","background-media":"","overlay-type":"","overlay-color":"","overlay-gradient":""}},"ast-content-background-meta":{"desktop":{"background-color":"var(--ast-global-color-5)","background-image":"","background-repeat":"repeat","background-position":"center center","background-size":"auto","background-attachment":"scroll","background-type":"","background-media":"","overlay-type":"","overlay-color":"","overlay-gradient":""},"tablet":{"background-color":"var(--ast-global-color-5)","background-image":"","background-repeat":"repeat","background-position":"center center","background-size":"auto","background-attachment":"scroll","background-type":"","background-media":"","overlay-type":"","overlay-color":"","overlay-gradient":""},"mobile":{"background-color":"var(--ast-global-color-5)","background-image":"","background-repeat":"repeat","background-position":"center center","background-size":"auto","background-attachment":"scroll","background-type":"","background-media":"","overlay-type":"","overlay-color":"","overlay-gradient":""}},"footnotes":""},"class_list":["post-136","page","type-page","status-publish","hentry"],"_links":{"self":[{"href":"https:\/\/www.kfbusinessclub.be\/fr\/wp-json\/wp\/v2\/pages\/136","targetHints":{"allow":["GET"]}}],"collection":[{"href":"https:\/\/www.kfbusinessclub.be\/fr\/wp-json\/wp\/v2\/pages"}],"about":[{"href":"https:\/\/www.kfbusinessclub.be\/fr\/wp-json\/wp\/v2\/types\/page"}],"author":[{"embeddable":true,"href":"https:\/\/www.kfbusinessclub.be\/fr\/wp-json\/wp\/v2\/users\/5"}],"replies":[{"embeddable":true,"href":"https:\/\/www.kfbusinessclub.be\/fr\/wp-json\/wp\/v2\/comments?post=136"}],"version-history":[{"count":0,"href":"https:\/\/www.kfbusinessclub.be\/fr\/wp-json\/wp\/v2\/pages\/136\/revisions"}],"wp:attachment":[{"href":"https:\/\/www.kfbusinessclub.be\/fr\/wp-json\/wp\/v2\/media?parent=136"}],"curies":[{"name":"wp","href":"https:\/\/api.w.org\/{rel}","templated":true}]}}